{"id":226,"date":"2015-03-09T15:40:36","date_gmt":"2015-03-09T14:40:36","guid":{"rendered":"http:\/\/www.bronsonmedia.se\/mrcd\/shop\/maria-2\/"},"modified":"2015-04-10T13:40:25","modified_gmt":"2015-04-10T12:40:25","slug":"maria","status":"publish","type":"product","link":"https:\/\/mrcd.se\/en\/shop\/maria\/","title":{"rendered":"Maria"},"content":{"rendered":"<p>Helena Ek &#8211; soprano<br \/>\nG\u00f6ran M\u00e5nsson &#8211; pipes, frame drum, hurdy-gurdy, string drum<br \/>\nJohannes Landgren &#8211; organ<br \/>\nMarie-Louise Marming &#8211; medieval fiddle<br \/>\nBerit Lindberg &#8211; harp<\/p>\n<p>Helena Ek says about her concept:<\/p>\n<p>&#8220;The quantity of music inspired by the Holy Virgin is immense. As a student at the Academy for Music and Drama in Gothenburg, thanks to my teacher Sven Berger, I became aware of the rich treasure of Marian songs preserved from medieval Europe. Ever since, I have been fascinated by the countless songs of tender adoration for this unique woman. My collaboration with the piper and percussion player G\u00f6ran M\u00e5nsson has enriched my repertoire with Nordic folk-music, and the sound of G\u00f6ran&#8217;s provincial folk pipes has also been used to lend colour to the medieval songs.<\/p>\n<p>&#8220;For several years I have approached this music in performances of my own, using hurdy-gurdy and medieval fiddle as a complement to my voice. At the recording of this CD, thanks to the participation of fellow musicians, I had the opportunity to accomplish my concept by adding also pipe, percussion, harp and organ.&#8221;<\/p>\n","protected":false},"excerpt":{"rendered":"<p>Meival Songs and Swedish Traditional Music<br \/>\nHelena Ek, sopran<\/p>\n","protected":false},"featured_media":582,"comment_status":"closed","ping_status":"closed","template":"","meta":{"_acf_changed":false},"product_brand":[],"product_cat":[20],"product_tag":[],"class_list":{"0":"post-226","1":"product","2":"type-product","3":"status-publish","4":"has-post-thumbnail","6":"product_cat-uncategorized","8":"first","9":"instock","10":"shipping-taxable","11":"purchasable","12":"product-type-simple","14":"catalog-layout-default","15":"columns-xs-1"},"acf":[],"_links":{"self":[{"href":"https:\/\/mrcd.se\/en\/wp-json\/wp\/v2\/product\/226","targetHints":{"allow":["GET"]}}],"collection":[{"href":"https:\/\/mrcd.se\/en\/wp-json\/wp\/v2\/product"}],"about":[{"href":"https:\/\/mrcd.se\/en\/wp-json\/wp\/v2\/types\/product"}],"replies":[{"embeddable":true,"href":"https:\/\/mrcd.se\/en\/wp-json\/wp\/v2\/comments?post=226"}],"wp:featuredmedia":[{"embeddable":true,"href":"https:\/\/mrcd.se\/en\/wp-json\/wp\/v2\/media\/582"}],"wp:attachment":[{"href":"https:\/\/mrcd.se\/en\/wp-json\/wp\/v2\/media?parent=226"}],"wp:term":[{"taxonomy":"product_brand","embeddable":true,"href":"https:\/\/mrcd.se\/en\/wp-json\/wp\/v2\/product_brand?post=226"},{"taxonomy":"product_cat","embeddable":true,"href":"https:\/\/mrcd.se\/en\/wp-json\/wp\/v2\/product_cat?post=226"},{"taxonomy":"product_tag","embeddable":true,"href":"https:\/\/mrcd.se\/en\/wp-json\/wp\/v2\/product_tag?post=226"}],"curies":[{"name":"wp","href":"https:\/\/api.w.org\/{rel}","templated":true}]}}