{"id":205,"date":"2015-03-10T14:15:40","date_gmt":"2015-03-10T13:15:40","guid":{"rendered":"http:\/\/www.bronsonmedia.se\/mrcd\/shop\/new-favourites-2\/"},"modified":"2015-04-10T12:59:51","modified_gmt":"2015-04-10T11:59:51","slug":"new-favourites","status":"publish","type":"product","link":"https:\/\/mrcd.se\/en\/shop\/new-favourites\/","title":{"rendered":"New Favourites"},"content":{"rendered":"<p>This CD takes the listener on an exciting trip through the repertoire created during the &#8220;Swedish choir miracle&#8221;. Great modernists like Lidholm and Sven-David Sandstr\u00f6m are of course represented and they are take turns with more relaxed or folk-orientated works by Malmberg, Larsson, Parkman and others. One important novelty is Karin Rehnqvist&#8217;s masterly &#8220;Till \u00e4ngeln med brinnande h\u00e4nder&#8221; for choir, soloists and oboe. Tradition and modernity also meet in Jan Sandstr\u00f6m\u2019s \u201dBiegga luohte\u201d and Karin Rehnqvist\u2019s \u201dI himmelen\u201d. It&#8217;s a CD that everyone can enjoy.<\/p>\n<p>During the autumn of 2011, the Swedish Chamber Choir has won both the European Grand Prix at the prestigious Tolosa festival in Spain and EBU\u2019s choir competition \u201cLet the Peoples Sing\u201d. As participants in \u00e9lite competitions, it has thus become Sweden\u2019s most successful choir hitherto.<\/p>\n","protected":false},"excerpt":{"rendered":"<p>Modern Swedish masterworks for choir<br \/>\nThe Swedish Chamber Choir<br \/>\nSimon Phipps<\/p>\n","protected":false},"featured_media":497,"comment_status":"closed","ping_status":"closed","template":"","meta":{"_acf_changed":false},"product_brand":[],"product_cat":[20],"product_tag":[],"class_list":{"0":"post-205","1":"product","2":"type-product","3":"status-publish","4":"has-post-thumbnail","6":"product_cat-uncategorized","8":"first","9":"instock","10":"featured","11":"shipping-taxable","12":"purchasable","13":"product-type-simple","15":"catalog-layout-default","16":"columns-xs-1"},"acf":[],"_links":{"self":[{"href":"https:\/\/mrcd.se\/en\/wp-json\/wp\/v2\/product\/205","targetHints":{"allow":["GET"]}}],"collection":[{"href":"https:\/\/mrcd.se\/en\/wp-json\/wp\/v2\/product"}],"about":[{"href":"https:\/\/mrcd.se\/en\/wp-json\/wp\/v2\/types\/product"}],"replies":[{"embeddable":true,"href":"https:\/\/mrcd.se\/en\/wp-json\/wp\/v2\/comments?post=205"}],"wp:featuredmedia":[{"embeddable":true,"href":"https:\/\/mrcd.se\/en\/wp-json\/wp\/v2\/media\/497"}],"wp:attachment":[{"href":"https:\/\/mrcd.se\/en\/wp-json\/wp\/v2\/media?parent=205"}],"wp:term":[{"taxonomy":"product_brand","embeddable":true,"href":"https:\/\/mrcd.se\/en\/wp-json\/wp\/v2\/product_brand?post=205"},{"taxonomy":"product_cat","embeddable":true,"href":"https:\/\/mrcd.se\/en\/wp-json\/wp\/v2\/product_cat?post=205"},{"taxonomy":"product_tag","embeddable":true,"href":"https:\/\/mrcd.se\/en\/wp-json\/wp\/v2\/product_tag?post=205"}],"curies":[{"name":"wp","href":"https:\/\/api.w.org\/{rel}","templated":true}]}}